{"id":688,"date":"2026-03-17T09:54:13","date_gmt":"2026-03-17T08:54:13","guid":{"rendered":"https:\/\/apartamentosbinibasket.com\/?page_id=688"},"modified":"2026-04-14T10:20:46","modified_gmt":"2026-04-14T09:20:46","slug":"entorno","status":"publish","type":"page","link":"https:\/\/apartamentosbinibasket.com\/es\/entorno\/","title":{"rendered":"Entorno"},"content":{"rendered":"<div class=\"wpb-content-wrapper\"><p>[vc_section full_width=\u00bbstretch_row\u00bb css=\u00bb.vc_custom_1773737586949{padding-top: 100px !important;padding-bottom: 100px !important;}\u00bb conditional_render=\u00bb%5B%7B%22value_role%22%3A%22administrator%22%7D%5D\u00bb css_params=\u00bb\u00bb][vc_row][vc_column width=\u00bb3\/4&#8243;][vc_custom_heading text=\u00bbCiutadella\u00bb use_theme_fonts=\u00bbyes\u00bb css=\u00bb.vc_custom_1773750470828{margin-bottom: 10px !important;}\u00bb css_params=\u00bb\u00bb][vc_custom_heading text=\u00bbCalas, cultura y emociones: todo en un solo sitio.\u00bb font_container=\u00bbtag:h3|text_align:left\u00bb use_theme_fonts=\u00bbyes\u00bb css_params=\u00bb\u00bb][vc_column_text css=\u00bb\u00bb text_typography=\u00bb{\u00abfamily\u00ab:\u00abDefault\u00ab,\u00abvariant\u00ab:\u00abDefault\u00ab,\u00abfont_size\u00ab:\u00ab\u00ab,\u00abline_height\u00ab:\u00ab\u00ab,\u00abletter_spacing\u00ab:\u00ab\u00ab,\u00abtext_transform\u00ab:\u00ab\u00ab}\u00bb css_params=\u00bb\u00bb]Descubre Ciutadella, el aut\u00e9ntica alma de Menorca, donde la naturaleza y la cultura se dan la mano para ofrecerte una experiencia inolvidable. Situada en el oeste de la isla, esta encantadora ciudad te rodea con un entorno natural privilegiado: calas de aguas turquesas, acantilados imponentes y caminos rurales que invitan a perderse entre paisajes mediterr\u00e1neos \u00fanicos.<\/p>\n<p>A pocos minutos, la urbanizaci\u00f3n Los Delfines se presenta como una opci\u00f3n ideal para disfrutar de este entorno incomparable. Con una ubicaci\u00f3n privilegiada, est\u00e1 rodeada de algunas de las calas m\u00e1s espectaculares de la zona, como Cala en Brut, Calas Piques, Cala en Blanes, Cala en Forcat y la playa de sa Farola. Adem\u00e1s, podr\u00e1s contemplar vistas inolvidables desde miradores como el Pont d&#8217;en Gil o recorrer el famoso Cam\u00ed de Cavalls, perfecto para descubrir la belleza natural de la isla a tu ritmo.[\/vc_column_text][\/vc_column][vc_column width=\u00bb1\/4&#8243;][\/vc_column][\/vc_row][vc_row css=\u00bb.vc_custom_1775051947165{margin-top: 50px !important;}\u00bb conditional_render=\u00bb%5B%7B%22value_role%22%3A%22administrator%22%7D%5D\u00bb css_params=\u00bb\u00bb][vc_column]<div class=\"porto-gallery has-ccols ccols-1 has-ccols-spacing ccols-sm-2 ccols-md-3 wpb_custom_e2943f4ca5b9d906684e394e394d7890 porto-gallery-grid align-items-stretch lightbox mlh_gallery_entorn\" data-lightbox-options=\"{&quot;delegate&quot;:&quot;a&quot;,&quot;mainClass&quot;:&quot;mfp-with-zoom&quot;,&quot;zoom&quot;:{&quot;enabled&quot;:true,&quot;duration&quot;:300},&quot;gallery&quot;:{&quot;enabled&quot;:true},&quot;type&quot;:&quot;image&quot;}\"><a href=\"https:\/\/apartamentosbinibasket.com\/wp-content\/uploads\/2026\/03\/505309971_3691988534266444_3099095431535618268_n.jpg\"><figure><img loading=\"lazy\" decoding=\"async\" width=\"960\" height=\"720\" src=\"https:\/\/apartamentosbinibasket.com\/wp-content\/uploads\/2026\/03\/505309971_3691988534266444_3099095431535618268_n.jpg\" class=\"attachment-full size-full\" alt=\"Apartaments Binibasket - Aparthotel a Ciutadella - Menorca\" srcset=\"https:\/\/apartamentosbinibasket.com\/wp-content\/uploads\/2026\/03\/505309971_3691988534266444_3099095431535618268_n.jpg 960w, https:\/\/apartamentosbinibasket.com\/wp-content\/uploads\/2026\/03\/505309971_3691988534266444_3099095431535618268_n-768x576.jpg 768w, https:\/\/apartamentosbinibasket.com\/wp-content\/uploads\/2026\/03\/505309971_3691988534266444_3099095431535618268_n-463x348.jpg 463w, https:\/\/apartamentosbinibasket.com\/wp-content\/uploads\/2026\/03\/505309971_3691988534266444_3099095431535618268_n-640x480.jpg 640w, https:\/\/apartamentosbinibasket.com\/wp-content\/uploads\/2026\/03\/505309971_3691988534266444_3099095431535618268_n-400x300.jpg 400w\" sizes=\"auto, (max-width: 960px) 100vw, 960px\" \/><\/figure><\/a><a href=\"https:\/\/apartamentosbinibasket.com\/wp-content\/uploads\/2026\/03\/498605999_3663976680400963_5714489832636508697_n.jpg\"><figure><img loading=\"lazy\" decoding=\"async\" width=\"996\" height=\"595\" src=\"https:\/\/apartamentosbinibasket.com\/wp-content\/uploads\/2026\/03\/498605999_3663976680400963_5714489832636508697_n.jpg\" class=\"attachment-full size-full\" alt=\"Apartaments Binibasket - Aparthotel a Ciutadella - Menorca\" srcset=\"https:\/\/apartamentosbinibasket.com\/wp-content\/uploads\/2026\/03\/498605999_3663976680400963_5714489832636508697_n.jpg 996w, https:\/\/apartamentosbinibasket.com\/wp-content\/uploads\/2026\/03\/498605999_3663976680400963_5714489832636508697_n-768x459.jpg 768w, https:\/\/apartamentosbinibasket.com\/wp-content\/uploads\/2026\/03\/498605999_3663976680400963_5714489832636508697_n-640x382.jpg 640w, https:\/\/apartamentosbinibasket.com\/wp-content\/uploads\/2026\/03\/498605999_3663976680400963_5714489832636508697_n-400x239.jpg 400w\" sizes=\"auto, (max-width: 996px) 100vw, 996px\" \/><\/figure><\/a><a href=\"https:\/\/apartamentosbinibasket.com\/wp-content\/uploads\/2026\/03\/499143617_3665750866890211_1465029267755162696_n_.jpg\"><figure><img loading=\"lazy\" decoding=\"async\" width=\"1600\" height=\"1200\" src=\"https:\/\/apartamentosbinibasket.com\/wp-content\/uploads\/2026\/03\/499143617_3665750866890211_1465029267755162696_n_.jpg\" class=\"attachment-full size-full\" alt=\"Apartaments Binibasket - Aparthotel a Ciutadella - Menorca\" srcset=\"https:\/\/apartamentosbinibasket.com\/wp-content\/uploads\/2026\/03\/499143617_3665750866890211_1465029267755162696_n_.jpg 1600w, https:\/\/apartamentosbinibasket.com\/wp-content\/uploads\/2026\/03\/499143617_3665750866890211_1465029267755162696_n_-1024x768.jpg 1024w, https:\/\/apartamentosbinibasket.com\/wp-content\/uploads\/2026\/03\/499143617_3665750866890211_1465029267755162696_n_-768x576.jpg 768w, https:\/\/apartamentosbinibasket.com\/wp-content\/uploads\/2026\/03\/499143617_3665750866890211_1465029267755162696_n_-1536x1152.jpg 1536w, https:\/\/apartamentosbinibasket.com\/wp-content\/uploads\/2026\/03\/499143617_3665750866890211_1465029267755162696_n_-463x348.jpg 463w, https:\/\/apartamentosbinibasket.com\/wp-content\/uploads\/2026\/03\/499143617_3665750866890211_1465029267755162696_n_-640x480.jpg 640w, https:\/\/apartamentosbinibasket.com\/wp-content\/uploads\/2026\/03\/499143617_3665750866890211_1465029267755162696_n_-400x300.jpg 400w\" sizes=\"auto, (max-width: 1600px) 100vw, 1600px\" \/><\/figure><\/a><a href=\"https:\/\/apartamentosbinibasket.com\/wp-content\/uploads\/2026\/03\/ciutadella-menorca-spain.jpg\"><figure><img loading=\"lazy\" decoding=\"async\" width=\"1600\" height=\"806\" src=\"https:\/\/apartamentosbinibasket.com\/wp-content\/uploads\/2026\/03\/ciutadella-menorca-spain.jpg\" class=\"attachment-full size-full\" alt=\"Apartaments Binibasket - Aparthotel a Ciutadella - Menorca\" srcset=\"https:\/\/apartamentosbinibasket.com\/wp-content\/uploads\/2026\/03\/ciutadella-menorca-spain.jpg 1600w, https:\/\/apartamentosbinibasket.com\/wp-content\/uploads\/2026\/03\/ciutadella-menorca-spain-1024x516.jpg 1024w, https:\/\/apartamentosbinibasket.com\/wp-content\/uploads\/2026\/03\/ciutadella-menorca-spain-768x387.jpg 768w, https:\/\/apartamentosbinibasket.com\/wp-content\/uploads\/2026\/03\/ciutadella-menorca-spain-1536x774.jpg 1536w, https:\/\/apartamentosbinibasket.com\/wp-content\/uploads\/2026\/03\/ciutadella-menorca-spain-640x322.jpg 640w, https:\/\/apartamentosbinibasket.com\/wp-content\/uploads\/2026\/03\/ciutadella-menorca-spain-400x202.jpg 400w\" sizes=\"auto, (max-width: 1600px) 100vw, 1600px\" \/><\/figure><\/a><a href=\"https:\/\/apartamentosbinibasket.com\/wp-content\/uploads\/2026\/03\/caballo-negro.jpg\"><figure><img loading=\"lazy\" decoding=\"async\" width=\"1344\" height=\"768\" src=\"https:\/\/apartamentosbinibasket.com\/wp-content\/uploads\/2026\/03\/caballo-negro.jpg\" class=\"attachment-full size-full\" alt=\"Apartaments Binibasket - Aparthotel a Ciutadella - Menorca\" srcset=\"https:\/\/apartamentosbinibasket.com\/wp-content\/uploads\/2026\/03\/caballo-negro.jpg 1344w, https:\/\/apartamentosbinibasket.com\/wp-content\/uploads\/2026\/03\/caballo-negro-1024x585.jpg 1024w, https:\/\/apartamentosbinibasket.com\/wp-content\/uploads\/2026\/03\/caballo-negro-768x439.jpg 768w, https:\/\/apartamentosbinibasket.com\/wp-content\/uploads\/2026\/03\/caballo-negro-640x366.jpg 640w, https:\/\/apartamentosbinibasket.com\/wp-content\/uploads\/2026\/03\/caballo-negro-400x229.jpg 400w\" sizes=\"auto, (max-width: 1344px) 100vw, 1344px\" \/><\/figure><\/a><a href=\"https:\/\/apartamentosbinibasket.com\/wp-content\/uploads\/2026\/03\/onades-platja.jpg\"><figure><img loading=\"lazy\" decoding=\"async\" width=\"1500\" height=\"1000\" src=\"https:\/\/apartamentosbinibasket.com\/wp-content\/uploads\/2026\/03\/onades-platja.jpg\" class=\"attachment-full size-full\" alt=\"Apartaments Binibasket - Aparthotel a Ciutadella - Menorca\" srcset=\"https:\/\/apartamentosbinibasket.com\/wp-content\/uploads\/2026\/03\/onades-platja.jpg 1500w, https:\/\/apartamentosbinibasket.com\/wp-content\/uploads\/2026\/03\/onades-platja-1024x683.jpg 1024w, https:\/\/apartamentosbinibasket.com\/wp-content\/uploads\/2026\/03\/onades-platja-768x512.jpg 768w, https:\/\/apartamentosbinibasket.com\/wp-content\/uploads\/2026\/03\/onades-platja-640x427.jpg 640w, https:\/\/apartamentosbinibasket.com\/wp-content\/uploads\/2026\/03\/onades-platja-400x267.jpg 400w\" sizes=\"auto, (max-width: 1500px) 100vw, 1500px\" \/><\/figure><\/a><\/div>[\/vc_column][\/vc_row][vc_row css=\u00bb.vc_custom_1775051956694{margin-top: 50px !important;}\u00bb conditional_render=\u00bb%5B%7B%22value_role%22%3A%22administrator%22%7D%5D\u00bb css_params=\u00bb\u00bb][vc_column width=\u00bb1\/2&#8243; css=\u00bb.vc_custom_1775052148232{padding-right: 80px !important;}\u00bb conditional_render=\u00bb%5B%7B%22value_role%22%3A%22administrator%22%7D%5D\u00bb css_params=\u00bb{\u00abcss_padding_right_xxl\u00ab:\u00ab50px\u00ab,\u00abcss_padding_right_xl\u00ab:\u00ab30px\u00ab,\u00abcss_padding_right_lg\u00ab:\u00ab20px\u00ab,\u00abcss_padding_right_md\u00ab:\u00ab10px\u00ab,\u00abcss_padding_bottom_md\u00ab:\u00ab25px\u00ab,\u00abcss_padding_left_md\u00ab:\u00ab10px\u00ab}\u00bb custom_css_response=\u00bb@media(max-width:porto-xxlpx){.vc_custom_1775052148232{padding-right:50px!important;}}@media(max-width:porto-xlpx){.vc_custom_1775052148232{padding-right:30px!important;}}@media(max-width:991px){.vc_custom_1775052148232{padding-right:20px!important;}}@media(max-width:767px){.vc_custom_1775052148232{padding-right:10px!important;padding-bottom:25px!important;padding-left:10px!important;}}\u00bb][vc_column_text css=\u00bb\u00bb css_params=\u00bb\u00bb]Ad\u00e9ntrate en un para\u00edso natural con actividades para todos los gustos. Recorre senderos a pie o en bicicleta, disfruta de excursiones en kayak para descubrir cuevas escondidas, o rel\u00e1jate bajo el sol en calas v\u00edrgenes como Macarella, Turqueta o Media. Los amantes del mar encontrar\u00e1n su refugio en el snorkel y el submarinismo, explorando un fondo marino rico y lleno de vida.<\/p>\n<p>En el coraz\u00f3n de Los Delfines encontrar\u00e1s tambi\u00e9n una amplia oferta de ocio y servicios: bares y restaurantes para todos los gustos, chill outs con impresionantes puestas de sol, centros comerciales, supermercados y un parque acu\u00e1tico ideal para la diversi\u00f3n de toda la familia, as\u00ed como zonas de entretenimiento con saltos que garantizan momentos \u00fanicos.[\/vc_column_text][\/vc_column][vc_column width=\u00bb1\/2&#8243;][vc_column_text css=\u00bb\u00bb css_params=\u00bb\u00bb]Ciutadella es tambi\u00e9n cultura viva. Pasea por sus calles empedradas llenas de historia, descubre palacios se\u00f1oriales y visita su majestuosa catedral. Al caer el sol, el puerto se transforma en un espacio vibrante con terrazas y una oferta gastron\u00f3mica basada en productos locales que cautivan todos los sentidos.<\/p>\n<p>Adem\u00e1s, la ciudad ofrece una agenda cultural din\u00e1mica: fiestas tradicionales como San Juan, mercados artesanales, m\u00fasica en vivo y eventos que reflejan la esencia menorquina.<\/p>\n<p>Ciudadela y su entorno te esperan con los brazos abiertos: naturaleza, tradici\u00f3n, ocio y emociones en un solo destino. Ven a descubrirlo y d\u00e9jate seducir por la magia de Menorca.[\/vc_column_text][\/vc_column][\/vc_row][\/vc_section][vc_section full_width=\u00bbstretch_row\u00bb parallax=\u00bbcontent-moving\u00bb parallax_image=\u00bb417&#8243; css=\u00bb.vc_custom_1773739847345{padding-top: 200px !important;padding-bottom: 200px !important;}\u00bb conditional_render=\u00bb%5B%7B%22value_role%22%3A%22administrator%22%7D%5D\u00bb css_params=\u00bb\u00bb el_class=\u00bbmlh_tintar_paralax\u00bb][vc_row][vc_column width=\u00bb2\/3&#8243;][vc_custom_heading text=\u00bbReserva uno de nuestros alojamientos\u00bb font_container=\u00bbtag:h2|text_align:left|color:%23ffffff\u00bb use_theme_fonts=\u00bbyes\u00bb el_class=\u00bbmlh_text_3d_shadow\u00bb css_params=\u00bb\u00bb][vc_custom_heading text=\u00bbDisfruta de una estancia \u00fanica rodeado de calas paradis\u00edacas y espectaculares miradores.\u00bb font_container=\u00bbtag:div|font_size:1.5em|text_align:left|color:%23ffffff|line_height:1.4em\u00bb use_theme_fonts=\u00bbyes\u00bb font_weight=\u00bb500&#8243; css_params=\u00bb\u00bb el_class=\u00bbmlh_text_3d_shadow\u00bb css=\u00bb.vc_custom_1776092281600{margin-bottom: 40px !important;}\u00bb][vc_btn title=\u00bbReservar\u00bb link=\u00bburl:https%3A%2F%2Fapartamentosbinibasket.com%2Fes%2F%23alojamientos\u00bb css=\u00bb.vc_custom_1776158420315{margin-bottom: 0px !important;}\u00bb el_class=\u00bbmlh_btn_inv\u00bb css_params=\u00bb\u00bb][\/vc_column][vc_column width=\u00bb1\/3&#8243;][\/vc_column][\/vc_row][\/vc_section]<\/p>\n<\/div>","protected":false},"excerpt":{"rendered":"<p>[vc_section full_width=\u00bbstretch_row\u00bb css=\u00bb.vc_custom_1773737586949{padding-top: 100px !important;padding-bottom: 100px !important;}\u00bb conditional_render=\u00bb%5B%7B%22value_role%22%3A%22administrator%22%7D%5D\u00bb css_params=\u00bb\u00bb][vc_row][vc_column width=\u00bb3\/4&#8243;][vc_custom_heading text=\u00bbCiutadella\u00bb use_theme_fonts=\u00bbyes\u00bb css=\u00bb.vc_custom_1773750470828{margin-bottom: 10px !important;}\u00bb css_params=\u00bb\u00bb][vc_custom_heading text=\u00bbCalas, cultura y emociones: todo en un solo sitio.\u00bb font_container=\u00bbtag:h3|text_align:left\u00bb use_theme_fonts=\u00bbyes\u00bb css_params=\u00bb\u00bb][vc_column_text css=\u00bb\u00bb text_typography=\u00bb{\u00abfamily\u00ab:\u00abDefault\u00ab,\u00abvariant\u00ab:\u00abDefault\u00ab,\u00abfont_size\u00ab:\u00ab\u00ab,\u00abline_height\u00ab:\u00ab\u00ab,\u00abletter_spacing\u00ab:\u00ab\u00ab,\u00abtext_transform\u00ab:\u00ab\u00ab}\u00bb css_params=\u00bb\u00bb]Descubre Ciutadella, el aut\u00e9ntica alma de Menorca, donde la naturaleza y la cultura se dan la mano para ofrecerte una experiencia inolvidable. Situada en el [&hellip;]<\/p>\n","protected":false},"author":4,"featured_media":0,"parent":0,"menu_order":0,"comment_status":"closed","ping_status":"closed","template":"","meta":{"_seopress_robots_primary_cat":"","_seopress_titles_title":"","_seopress_titles_desc":"Explora el entorno de Binibasket: a pasos de Cala en Brut y cerca de Ciudadela. Descubre la magia del Poniente de Menorca. \u00a1Ven a vernos!","_seopress_robots_index":"","footnotes":""},"class_list":["post-688","page","type-page","status-publish","hentry"],"_links":{"self":[{"href":"https:\/\/apartamentosbinibasket.com\/es\/wp-json\/wp\/v2\/pages\/688","targetHints":{"allow":["GET"]}}],"collection":[{"href":"https:\/\/apartamentosbinibasket.com\/es\/wp-json\/wp\/v2\/pages"}],"about":[{"href":"https:\/\/apartamentosbinibasket.com\/es\/wp-json\/wp\/v2\/types\/page"}],"author":[{"embeddable":true,"href":"https:\/\/apartamentosbinibasket.com\/es\/wp-json\/wp\/v2\/users\/4"}],"replies":[{"embeddable":true,"href":"https:\/\/apartamentosbinibasket.com\/es\/wp-json\/wp\/v2\/comments?post=688"}],"version-history":[{"count":2,"href":"https:\/\/apartamentosbinibasket.com\/es\/wp-json\/wp\/v2\/pages\/688\/revisions"}],"predecessor-version":[{"id":819,"href":"https:\/\/apartamentosbinibasket.com\/es\/wp-json\/wp\/v2\/pages\/688\/revisions\/819"}],"wp:attachment":[{"href":"https:\/\/apartamentosbinibasket.com\/es\/wp-json\/wp\/v2\/media?parent=688"}],"curies":[{"name":"wp","href":"https:\/\/api.w.org\/{rel}","templated":true}]}}